{"id":2701,"date":"2021-02-01T09:36:59","date_gmt":"2021-02-01T09:36:59","guid":{"rendered":"https:\/\/doublecoineurope.com\/disclaimer\/"},"modified":"2025-06-16T07:03:28","modified_gmt":"2025-06-16T07:03:28","slug":"disclaimer","status":"publish","type":"page","link":"https:\/\/doublecoineurope.com\/fr\/disclaimer\/","title":{"rendered":"Clause de non-responsabilit\u00e9"},"content":{"rendered":"\n<p>Bien que ce site ait \u00e9t\u00e9 \u00e9labor\u00e9 avec le plus grand soin, Double Coin Europe ou ses soci\u00e9t\u00e9s affili\u00e9es ne sont jamais responsables des dommages directs ou indirects qui pourraient r\u00e9sulter de l&rsquo;utilisation des informations fournies sur ce site. Aucun droit ou r\u00e9clamation ne peut \u00eatre d\u00e9riv\u00e9 du contenu de ce site web. Les images, logos, noms de produits et de marques sont et restent la propri\u00e9t\u00e9 des producteurs et\/ou fournisseurs. Leur utilisation est uniquement destin\u00e9e \u00e0 clarifier la description du produit dans le but d&rsquo;informer correctement l&rsquo;acheteur potentiel. Des modifications peuvent \u00eatre apport\u00e9es au site web sans pr\u00e9avis. Sous r\u00e9serve d&rsquo;erreurs textuelles et typographiques et de modifications des sp\u00e9cifications.<\/p>\n","protected":false},"excerpt":{"rendered":"<p>Bien que ce site ait \u00e9t\u00e9 \u00e9labor\u00e9 avec le plus grand soin, Double Coin Europe ou ses soci\u00e9t\u00e9s affili\u00e9es ne [&hellip;]<\/p>\n","protected":false},"author":5,"featured_media":0,"parent":0,"menu_order":0,"comment_status":"closed","ping_status":"closed","template":"","meta":{"_acf_changed":false,"inline_featured_image":false,"footnotes":""},"class_list":["post-2701","page","type-page","status-publish","hentry"],"acf":[],"yoast_head":"<!-- This site is optimized with the Yoast SEO plugin v27.1.1 - https:\/\/yoast.com\/product\/yoast-seo-wordpress\/ -->\n<title>Clause de non-responsabilit\u00e9 | Pneus Double Coin<\/title>\n<meta name=\"robots\" content=\"index, follow, max-snippet:-1, max-image-preview:large, max-video-preview:-1\" \/>\n<link rel=\"canonical\" href=\"https:\/\/doublecoineurope.com\/fr\/disclaimer\/\" \/>\n<meta property=\"og:locale\" content=\"fr_FR\" \/>\n<meta property=\"og:type\" content=\"article\" \/>\n<meta property=\"og:title\" content=\"Clause de non-responsabilit\u00e9 | Pneus Double Coin\" \/>\n<meta property=\"og:description\" content=\"Bien que ce site ait \u00e9t\u00e9 \u00e9labor\u00e9 avec le plus grand soin, Double Coin Europe ou ses soci\u00e9t\u00e9s affili\u00e9es ne [&hellip;]\" \/>\n<meta property=\"og:url\" content=\"https:\/\/doublecoineurope.com\/fr\/disclaimer\/\" \/>\n<meta property=\"og:site_name\" content=\"Double Coin\" \/>\n<meta property=\"article:modified_time\" content=\"2025-06-16T07:03:28+00:00\" \/>\n<meta name=\"twitter:card\" content=\"summary_large_image\" \/>\n<meta name=\"twitter:label1\" content=\"Dur\u00e9e de lecture estim\u00e9e\" \/>\n\t<meta name=\"twitter:data1\" content=\"1 minute\" \/>\n<script type=\"application\/ld+json\" class=\"yoast-schema-graph\">{\"@context\":\"https:\/\/schema.org\",\"@graph\":[{\"@type\":\"WebPage\",\"@id\":\"https:\/\/doublecoineurope.com\/fr\/disclaimer\/\",\"url\":\"https:\/\/doublecoineurope.com\/fr\/disclaimer\/\",\"name\":\"Clause de non-responsabilit\u00e9 | Pneus Double Coin\",\"isPartOf\":{\"@id\":\"https:\/\/doublecoineurope.com\/#website\"},\"datePublished\":\"2021-02-01T09:36:59+00:00\",\"dateModified\":\"2025-06-16T07:03:28+00:00\",\"breadcrumb\":{\"@id\":\"https:\/\/doublecoineurope.com\/fr\/disclaimer\/#breadcrumb\"},\"inLanguage\":\"fr-FR\",\"potentialAction\":[{\"@type\":\"ReadAction\",\"target\":[\"https:\/\/doublecoineurope.com\/fr\/disclaimer\/\"]}]},{\"@type\":\"BreadcrumbList\",\"@id\":\"https:\/\/doublecoineurope.com\/fr\/disclaimer\/#breadcrumb\",\"itemListElement\":[{\"@type\":\"ListItem\",\"position\":1,\"name\":\"Home\",\"item\":\"https:\/\/doublecoineurope.com\/fr\/\"},{\"@type\":\"ListItem\",\"position\":2,\"name\":\"Clause de non-responsabilit\u00e9\"}]},{\"@type\":\"WebSite\",\"@id\":\"https:\/\/doublecoineurope.com\/#website\",\"url\":\"https:\/\/doublecoineurope.com\/\",\"name\":\"Double Coin\",\"description\":\"Driven the world over\",\"potentialAction\":[{\"@type\":\"SearchAction\",\"target\":{\"@type\":\"EntryPoint\",\"urlTemplate\":\"https:\/\/doublecoineurope.com\/?s={search_term_string}\"},\"query-input\":{\"@type\":\"PropertyValueSpecification\",\"valueRequired\":true,\"valueName\":\"search_term_string\"}}],\"inLanguage\":\"fr-FR\"}]}<\/script>\n<!-- \/ Yoast SEO plugin. -->","yoast_head_json":{"title":"Clause de non-responsabilit\u00e9 | Pneus Double Coin","robots":{"index":"index","follow":"follow","max-snippet":"max-snippet:-1","max-image-preview":"max-image-preview:large","max-video-preview":"max-video-preview:-1"},"canonical":"https:\/\/doublecoineurope.com\/fr\/disclaimer\/","og_locale":"fr_FR","og_type":"article","og_title":"Clause de non-responsabilit\u00e9 | Pneus Double Coin","og_description":"Bien que ce site ait \u00e9t\u00e9 \u00e9labor\u00e9 avec le plus grand soin, Double Coin Europe ou ses soci\u00e9t\u00e9s affili\u00e9es ne [&hellip;]","og_url":"https:\/\/doublecoineurope.com\/fr\/disclaimer\/","og_site_name":"Double Coin","article_modified_time":"2025-06-16T07:03:28+00:00","twitter_card":"summary_large_image","twitter_misc":{"Dur\u00e9e de lecture estim\u00e9e":"1 minute"},"schema":{"@context":"https:\/\/schema.org","@graph":[{"@type":"WebPage","@id":"https:\/\/doublecoineurope.com\/fr\/disclaimer\/","url":"https:\/\/doublecoineurope.com\/fr\/disclaimer\/","name":"Clause de non-responsabilit\u00e9 | Pneus Double Coin","isPartOf":{"@id":"https:\/\/doublecoineurope.com\/#website"},"datePublished":"2021-02-01T09:36:59+00:00","dateModified":"2025-06-16T07:03:28+00:00","breadcrumb":{"@id":"https:\/\/doublecoineurope.com\/fr\/disclaimer\/#breadcrumb"},"inLanguage":"fr-FR","potentialAction":[{"@type":"ReadAction","target":["https:\/\/doublecoineurope.com\/fr\/disclaimer\/"]}]},{"@type":"BreadcrumbList","@id":"https:\/\/doublecoineurope.com\/fr\/disclaimer\/#breadcrumb","itemListElement":[{"@type":"ListItem","position":1,"name":"Home","item":"https:\/\/doublecoineurope.com\/fr\/"},{"@type":"ListItem","position":2,"name":"Clause de non-responsabilit\u00e9"}]},{"@type":"WebSite","@id":"https:\/\/doublecoineurope.com\/#website","url":"https:\/\/doublecoineurope.com\/","name":"Double Coin","description":"Driven the world over","potentialAction":[{"@type":"SearchAction","target":{"@type":"EntryPoint","urlTemplate":"https:\/\/doublecoineurope.com\/?s={search_term_string}"},"query-input":{"@type":"PropertyValueSpecification","valueRequired":true,"valueName":"search_term_string"}}],"inLanguage":"fr-FR"}]}},"_links":{"self":[{"href":"https:\/\/doublecoineurope.com\/fr\/wp-json\/wp\/v2\/pages\/2701","targetHints":{"allow":["GET"]}}],"collection":[{"href":"https:\/\/doublecoineurope.com\/fr\/wp-json\/wp\/v2\/pages"}],"about":[{"href":"https:\/\/doublecoineurope.com\/fr\/wp-json\/wp\/v2\/types\/page"}],"author":[{"embeddable":true,"href":"https:\/\/doublecoineurope.com\/fr\/wp-json\/wp\/v2\/users\/5"}],"replies":[{"embeddable":true,"href":"https:\/\/doublecoineurope.com\/fr\/wp-json\/wp\/v2\/comments?post=2701"}],"version-history":[{"count":3,"href":"https:\/\/doublecoineurope.com\/fr\/wp-json\/wp\/v2\/pages\/2701\/revisions"}],"predecessor-version":[{"id":2807,"href":"https:\/\/doublecoineurope.com\/fr\/wp-json\/wp\/v2\/pages\/2701\/revisions\/2807"}],"wp:attachment":[{"href":"https:\/\/doublecoineurope.com\/fr\/wp-json\/wp\/v2\/media?parent=2701"}],"curies":[{"name":"wp","href":"https:\/\/api.w.org\/{rel}","templated":true}]}}