{"id":2235,"date":"2020-02-27T07:35:52","date_gmt":"2020-02-27T07:35:52","guid":{"rendered":"https:\/\/doublecoineurope.com\/about-us\/"},"modified":"2025-06-16T07:06:26","modified_gmt":"2025-06-16T07:06:26","slug":"a-propos-double-coin","status":"publish","type":"page","link":"https:\/\/doublecoineurope.com\/fr\/a-propos-double-coin\/","title":{"rendered":"A propos Double Coin"},"content":{"rendered":"\n<p>Double Coin est une marque reconnue internationalement pour ses pneus de haute qualit\u00e9 destin\u00e9s au secteur du transport. Forte de plusieurs d\u00e9cennies d\u2019exp\u00e9rience et d\u2019un riche h\u00e9ritage, Double Coin propose une gamme compl\u00e8te de pneus pour camions, OTR et usage industriel, utilis\u00e9s dans le monde entier. Le slogan \u00ab Driven the world over \u00bb souligne la qualit\u00e9 et la fiabilit\u00e9 \u00e9prouv\u00e9es des pneus Double Coin dans diverses applications exigeantes.<\/p>\n\n\n\n<p>De plus en plus consid\u00e9r\u00e9e comme une excellente alternative aux grandes marques A, Double Coin se d\u00e9veloppe \u00e9galement en tant que fournisseur pour les fabricants d\u2019\u00e9quipement d\u2019origine (OEM) de camions et de remorques. Avec un engagement fort envers la s\u00e9curit\u00e9, la durabilit\u00e9 et l\u2019innovation, Double Coin ambitionne d\u2019\u00eatre le premier choix mondial dans le secteur du transport.<\/p>\n\n\n\n<p><strong>Notre force<\/strong><\/p>\n\n\n\n<p><strong><em>Une qualit\u00e9 exceptionnelle. Rapport kilom\u00e8tre-prix extr\u00eamement bas. Assortiment \u00e9tendu.<\/em><\/strong><\/p>\n\n\n\n<p>Gr\u00e2ce \u00e0 notre savoir-faire et \u00e0 notre capacit\u00e9 d&rsquo;innovation, nous d\u00e9veloppons des pneus durables avec une construction fiable et un m\u00e9lange de caoutchouc unique. Un autre avantage est que la plupart des pneus Double Coin sont rechapables, ce qui garantit une longue dur\u00e9e de vie. <\/p>\n\n\n\n<figure class=\"wp-block-image size-large wow bounceInUp\"><img loading=\"lazy\" decoding=\"async\" width=\"770\" height=\"514\" src=\"https:\/\/doublecoineurope.com\/wp-content\/uploads\/2025\/04\/Double-Coin-dozer.jpg\" alt=\"\" class=\"wp-image-283\" srcset=\"https:\/\/doublecoineurope.com\/wp-content\/uploads\/2025\/04\/Double-Coin-dozer.jpg 770w, https:\/\/doublecoineurope.com\/wp-content\/uploads\/2025\/04\/Double-Coin-dozer-300x200.jpg 300w, https:\/\/doublecoineurope.com\/wp-content\/uploads\/2025\/04\/Double-Coin-dozer-768x513.jpg 768w\" sizes=\"auto, (max-width: 770px) 100vw, 770px\" \/><\/figure>\n","protected":false},"excerpt":{"rendered":"<p>Double Coin est une marque reconnue internationalement pour ses pneus de haute qualit\u00e9 destin\u00e9s au secteur du transport. Forte de [&hellip;]<\/p>\n","protected":false},"author":5,"featured_media":0,"parent":0,"menu_order":0,"comment_status":"closed","ping_status":"closed","template":"","meta":{"_acf_changed":false,"inline_featured_image":false,"footnotes":""},"class_list":["post-2235","page","type-page","status-publish","hentry"],"acf":[],"yoast_head":"<!-- This site is optimized with the Yoast SEO plugin v27.4 - https:\/\/yoast.com\/product\/yoast-seo-wordpress\/ -->\n<title>A propos Double Coin | Pneus Double Coin<\/title>\n<meta name=\"description\" content=\"Connus pour leur s\u00e9curit\u00e9, leur durabilit\u00e9 et leur rapport qualit\u00e9-prix, les pneus Double Coin sont l&#039;alternative aux marques A bien connues.\" \/>\n<meta name=\"robots\" content=\"index, follow, max-snippet:-1, max-image-preview:large, max-video-preview:-1\" \/>\n<link rel=\"canonical\" href=\"https:\/\/doublecoineurope.com\/fr\/a-propos-double-coin\/\" \/>\n<meta property=\"og:locale\" content=\"fr_FR\" \/>\n<meta property=\"og:type\" content=\"article\" \/>\n<meta property=\"og:title\" content=\"A propos Double Coin | Pneus Double Coin\" \/>\n<meta property=\"og:description\" content=\"Connus pour leur s\u00e9curit\u00e9, leur durabilit\u00e9 et leur rapport qualit\u00e9-prix, les pneus Double Coin sont l&#039;alternative aux marques A bien connues.\" \/>\n<meta property=\"og:url\" content=\"https:\/\/doublecoineurope.com\/fr\/a-propos-double-coin\/\" \/>\n<meta property=\"og:site_name\" content=\"Double Coin\" \/>\n<meta property=\"article:modified_time\" content=\"2025-06-16T07:06:26+00:00\" \/>\n<meta property=\"og:image\" content=\"https:\/\/doublecoineurope.com\/wp-content\/uploads\/2025\/04\/Double-Coin-dozer.jpg\" \/>\n\t<meta property=\"og:image:width\" content=\"770\" \/>\n\t<meta property=\"og:image:height\" content=\"514\" \/>\n\t<meta property=\"og:image:type\" content=\"image\/jpeg\" \/>\n<meta name=\"twitter:card\" content=\"summary_large_image\" \/>\n<meta name=\"twitter:label1\" content=\"Dur\u00e9e de lecture estim\u00e9e\" \/>\n\t<meta name=\"twitter:data1\" content=\"1 minute\" \/>\n<script type=\"application\/ld+json\" class=\"yoast-schema-graph\">{\"@context\":\"https:\\\/\\\/schema.org\",\"@graph\":[{\"@type\":\"WebPage\",\"@id\":\"https:\\\/\\\/doublecoineurope.com\\\/fr\\\/a-propos-double-coin\\\/\",\"url\":\"https:\\\/\\\/doublecoineurope.com\\\/fr\\\/a-propos-double-coin\\\/\",\"name\":\"A propos Double Coin | Pneus Double Coin\",\"isPartOf\":{\"@id\":\"https:\\\/\\\/doublecoineurope.com\\\/#website\"},\"primaryImageOfPage\":{\"@id\":\"https:\\\/\\\/doublecoineurope.com\\\/fr\\\/a-propos-double-coin\\\/#primaryimage\"},\"image\":{\"@id\":\"https:\\\/\\\/doublecoineurope.com\\\/fr\\\/a-propos-double-coin\\\/#primaryimage\"},\"thumbnailUrl\":\"https:\\\/\\\/doublecoineurope.com\\\/wp-content\\\/uploads\\\/2025\\\/04\\\/Double-Coin-dozer.jpg\",\"datePublished\":\"2020-02-27T07:35:52+00:00\",\"dateModified\":\"2025-06-16T07:06:26+00:00\",\"description\":\"Connus pour leur s\u00e9curit\u00e9, leur durabilit\u00e9 et leur rapport qualit\u00e9-prix, les pneus Double Coin sont l'alternative aux marques A bien connues.\",\"breadcrumb\":{\"@id\":\"https:\\\/\\\/doublecoineurope.com\\\/fr\\\/a-propos-double-coin\\\/#breadcrumb\"},\"inLanguage\":\"fr-FR\",\"potentialAction\":[{\"@type\":\"ReadAction\",\"target\":[\"https:\\\/\\\/doublecoineurope.com\\\/fr\\\/a-propos-double-coin\\\/\"]}]},{\"@type\":\"ImageObject\",\"inLanguage\":\"fr-FR\",\"@id\":\"https:\\\/\\\/doublecoineurope.com\\\/fr\\\/a-propos-double-coin\\\/#primaryimage\",\"url\":\"https:\\\/\\\/doublecoineurope.com\\\/wp-content\\\/uploads\\\/2025\\\/04\\\/Double-Coin-dozer.jpg\",\"contentUrl\":\"https:\\\/\\\/doublecoineurope.com\\\/wp-content\\\/uploads\\\/2025\\\/04\\\/Double-Coin-dozer.jpg\"},{\"@type\":\"BreadcrumbList\",\"@id\":\"https:\\\/\\\/doublecoineurope.com\\\/fr\\\/a-propos-double-coin\\\/#breadcrumb\",\"itemListElement\":[{\"@type\":\"ListItem\",\"position\":1,\"name\":\"Home\",\"item\":\"https:\\\/\\\/doublecoineurope.com\\\/fr\\\/\"},{\"@type\":\"ListItem\",\"position\":2,\"name\":\"A propos Double Coin\"}]},{\"@type\":\"WebSite\",\"@id\":\"https:\\\/\\\/doublecoineurope.com\\\/#website\",\"url\":\"https:\\\/\\\/doublecoineurope.com\\\/\",\"name\":\"Double Coin\",\"description\":\"Driven the world over\",\"potentialAction\":[{\"@type\":\"SearchAction\",\"target\":{\"@type\":\"EntryPoint\",\"urlTemplate\":\"https:\\\/\\\/doublecoineurope.com\\\/?s={search_term_string}\"},\"query-input\":{\"@type\":\"PropertyValueSpecification\",\"valueRequired\":true,\"valueName\":\"search_term_string\"}}],\"inLanguage\":\"fr-FR\"}]}<\/script>\n<!-- \/ Yoast SEO plugin. -->","yoast_head_json":{"title":"A propos Double Coin | Pneus Double Coin","description":"Connus pour leur s\u00e9curit\u00e9, leur durabilit\u00e9 et leur rapport qualit\u00e9-prix, les pneus Double Coin sont l'alternative aux marques A bien connues.","robots":{"index":"index","follow":"follow","max-snippet":"max-snippet:-1","max-image-preview":"max-image-preview:large","max-video-preview":"max-video-preview:-1"},"canonical":"https:\/\/doublecoineurope.com\/fr\/a-propos-double-coin\/","og_locale":"fr_FR","og_type":"article","og_title":"A propos Double Coin | Pneus Double Coin","og_description":"Connus pour leur s\u00e9curit\u00e9, leur durabilit\u00e9 et leur rapport qualit\u00e9-prix, les pneus Double Coin sont l'alternative aux marques A bien connues.","og_url":"https:\/\/doublecoineurope.com\/fr\/a-propos-double-coin\/","og_site_name":"Double Coin","article_modified_time":"2025-06-16T07:06:26+00:00","og_image":[{"width":770,"height":514,"url":"https:\/\/doublecoineurope.com\/wp-content\/uploads\/2025\/04\/Double-Coin-dozer.jpg","type":"image\/jpeg"}],"twitter_card":"summary_large_image","twitter_misc":{"Dur\u00e9e de lecture estim\u00e9e":"1 minute"},"schema":{"@context":"https:\/\/schema.org","@graph":[{"@type":"WebPage","@id":"https:\/\/doublecoineurope.com\/fr\/a-propos-double-coin\/","url":"https:\/\/doublecoineurope.com\/fr\/a-propos-double-coin\/","name":"A propos Double Coin | Pneus Double Coin","isPartOf":{"@id":"https:\/\/doublecoineurope.com\/#website"},"primaryImageOfPage":{"@id":"https:\/\/doublecoineurope.com\/fr\/a-propos-double-coin\/#primaryimage"},"image":{"@id":"https:\/\/doublecoineurope.com\/fr\/a-propos-double-coin\/#primaryimage"},"thumbnailUrl":"https:\/\/doublecoineurope.com\/wp-content\/uploads\/2025\/04\/Double-Coin-dozer.jpg","datePublished":"2020-02-27T07:35:52+00:00","dateModified":"2025-06-16T07:06:26+00:00","description":"Connus pour leur s\u00e9curit\u00e9, leur durabilit\u00e9 et leur rapport qualit\u00e9-prix, les pneus Double Coin sont l'alternative aux marques A bien connues.","breadcrumb":{"@id":"https:\/\/doublecoineurope.com\/fr\/a-propos-double-coin\/#breadcrumb"},"inLanguage":"fr-FR","potentialAction":[{"@type":"ReadAction","target":["https:\/\/doublecoineurope.com\/fr\/a-propos-double-coin\/"]}]},{"@type":"ImageObject","inLanguage":"fr-FR","@id":"https:\/\/doublecoineurope.com\/fr\/a-propos-double-coin\/#primaryimage","url":"https:\/\/doublecoineurope.com\/wp-content\/uploads\/2025\/04\/Double-Coin-dozer.jpg","contentUrl":"https:\/\/doublecoineurope.com\/wp-content\/uploads\/2025\/04\/Double-Coin-dozer.jpg"},{"@type":"BreadcrumbList","@id":"https:\/\/doublecoineurope.com\/fr\/a-propos-double-coin\/#breadcrumb","itemListElement":[{"@type":"ListItem","position":1,"name":"Home","item":"https:\/\/doublecoineurope.com\/fr\/"},{"@type":"ListItem","position":2,"name":"A propos Double Coin"}]},{"@type":"WebSite","@id":"https:\/\/doublecoineurope.com\/#website","url":"https:\/\/doublecoineurope.com\/","name":"Double Coin","description":"Driven the world over","potentialAction":[{"@type":"SearchAction","target":{"@type":"EntryPoint","urlTemplate":"https:\/\/doublecoineurope.com\/?s={search_term_string}"},"query-input":{"@type":"PropertyValueSpecification","valueRequired":true,"valueName":"search_term_string"}}],"inLanguage":"fr-FR"}]}},"_links":{"self":[{"href":"https:\/\/doublecoineurope.com\/fr\/wp-json\/wp\/v2\/pages\/2235","targetHints":{"allow":["GET"]}}],"collection":[{"href":"https:\/\/doublecoineurope.com\/fr\/wp-json\/wp\/v2\/pages"}],"about":[{"href":"https:\/\/doublecoineurope.com\/fr\/wp-json\/wp\/v2\/types\/page"}],"author":[{"embeddable":true,"href":"https:\/\/doublecoineurope.com\/fr\/wp-json\/wp\/v2\/users\/5"}],"replies":[{"embeddable":true,"href":"https:\/\/doublecoineurope.com\/fr\/wp-json\/wp\/v2\/comments?post=2235"}],"version-history":[{"count":10,"href":"https:\/\/doublecoineurope.com\/fr\/wp-json\/wp\/v2\/pages\/2235\/revisions"}],"predecessor-version":[{"id":2791,"href":"https:\/\/doublecoineurope.com\/fr\/wp-json\/wp\/v2\/pages\/2235\/revisions\/2791"}],"wp:attachment":[{"href":"https:\/\/doublecoineurope.com\/fr\/wp-json\/wp\/v2\/media?parent=2235"}],"curies":[{"name":"wp","href":"https:\/\/api.w.org\/{rel}","templated":true}]}}